{"id":33141,"date":"2018-11-10T08:14:19","date_gmt":"2018-11-10T07:14:19","guid":{"rendered":"https:\/\/test.chaletmontriond.ch\/zugang-und-nuetzliche-informationen\/"},"modified":"2024-05-16T15:55:48","modified_gmt":"2024-05-16T13:55:48","slug":"zugang-und-nuetzliche-informationen","status":"publish","type":"page","link":"https:\/\/test.chaletmontriond.ch\/de\/zugang-und-nuetzliche-informationen\/","title":{"rendered":"Zugang und n\u00fctzliche Informationen"},"content":{"rendered":"<div class=\"wpb-content-wrapper\"><p>[vc_row][vc_column]<div class=\"thim-widget-heading template-default\"><div class=\"thim-sc-heading\" >\n\t\t<div class=\"article_heading \">\n\t\t\t\n\t\t\t<p class=\"heading_primary\" style=\"color: #dd9933;font-size: 20px;font-weight: bold;\" >Wie man zum Chalet Montriond kommt<\/p>\n\t\t\t\n\t\t\t\n\t\t<\/div>\n\t<\/div><\/div>[vc_empty_space][\/vc_column][\/vc_row][vc_row][vc_column width=&#8221;1\/2&#8243;][vc_column_text css=&#8221;.vc_custom_1715708622807{margin-top: 32px !important;}&#8221;]<\/p>\n<h3 class=\"black_h3\"><i class=\"fa fa-car\" aria-hidden=\"true\"><\/i> AUTO<\/h3>\n<p><span class=\"black_span\">VON DEN HAUPTACHSEN DER SCHWEIZ<\/span><\/p>\n<p>Von Genf, Lausanne, Montreux, Martigny \u00fcber die A9.<br \/>\nAusfahrt 18 Saint Triphon &#8211; Portes du Soleil<br \/>\nRichtung Collombey-Tunnel<br \/>\nIm Dorf Val d&#8217;Illiez am Kreisverkehr folgen Sie Les Crosets.<br \/>\nIn Les Crosets nehmen Sie den Tunnel bis zum Ende des Tunnels.<\/p>\n<p><span class=\"black_span\">SEIT DEN GROSSEN FRANZ\u00d6SISCHEN ACHSEN<\/span><\/p>\n<p>Von Thonon-les-Bains, Evian, Annemasse \u00fcber die D22.<br \/>\n\u00dcberqueren Sie den Pas de Morgins &#8211; Grenze Schweiz\/Frankreich<br \/>\nNehmen Sie die Forststra\u00dfe in Richtung Champ\u00e9ry.<br \/>\nBiegen Sie links ab Route des Bains vor Val d&#8217;Illiez Dorf<br \/>\nIm Dorf Val d&#8217;Illiez am Kreisverkehr folgen Sie Les Crosets.<br \/>\nIn Les Crosets nehmen Sie den Tunnel bis zum Ende des Tunnels.<\/p>\n<h3 class=\"black_h3\"><i class=\"fa fa-parking\" aria-hidden=\"true\"><\/i> Parkplatz<\/h3>\n<p>Ein <strong>Au\u00dfenparkplatz <\/strong> steht Ihnen zur Verf\u00fcgung<br \/>\nNeben dem Hotel<br \/>\n10 CHF pro Tag<br \/>\n8 CHF pro Tag (mehr als 2 N\u00e4chte)[\/vc_column_text][\/vc_column][vc_column width=&#8221;1\/2&#8243;][vc_column_text css=&#8221;.vc_custom_1715708345811{margin-top: 32px !important;}&#8221;]<\/p>\n<h3 class=\"black_h3\"><i class=\"fa fa-plane\" aria-hidden=\"true\"><\/i> FLUGHAFEN<\/h3>\n<p>Der Flughafen von Genf ist 1,5 Stunden von Les Crosets entfernt.<br \/>\nDer Flughafen Basel ist 2,5 Stunden von Les Crosets entfernt.<br \/>\nDer Flughafen Z\u00fcrich ist 2 Stunden 45 Minuten von Les Crosets entfernt.<br \/>\nDer Flughafen von Mailand ist 3 Stunden und 15 Minuten von Les Crosets entfernt.<\/p>\n<p>Wenn Sie nicht \u00fcber ein Auto verf\u00fcgen.<br \/>\nWir empfehlen Ihnen, zum Bahnhof von Aigle zu gehen.<\/p>\n<h3 class=\"black_h3\"><i class=\"fa fa-train\" aria-hidden=\"true\"><\/i> Zug<\/h3>\n<p>Vom Bahnhof Aigle k\u00f6nnen Sie die TPC bis zum Bahnhof Val d&#8217;Illiez und den Bus bis Les Crosets nehmen.<\/p>\n<h3 class=\"black_h3\"><i class=\"fa fa-taxi\" aria-hidden=\"true\"><\/i> Taxi<\/h3>\n<p>Auf Wunsch k\u00f6nnen wir Ihnen ein Taxi vom Flughafen oder Bahnhof in Aigle oder Val d&#8217;Illiez bestellen.[\/vc_column_text][\/vc_column][\/vc_row][vc_row][vc_column]<div class=\"thim-widget-heading template-default\"><div class=\"thim-sc-heading\" >\n\t\t<div class=\"article_heading \">\n\t\t\t\n\t\t\t<p class=\"heading_primary\" style=\"color: #dd9933;font-size: 20px;\" >Praktische Infos<\/p>\n\t\t\t\n\t\t\t\n\t\t<\/div>\n\t<\/div><\/div>[vc_empty_space][\/vc_column][\/vc_row][vc_row][vc_column][vc_column_text css=&#8221;.vc_custom_1715708894016{margin-top: 32px !important;}&#8221;]<b>Check-In<\/b>: Wir garantieren die Schl\u00fcssel\u00fcbergabe ab <b>16.00 Uhr<\/b>. Wir empfehlen unseren G\u00e4sten jedoch, zur gew\u00fcnschten Zeit anzureisen, um die Pisten zu nutzen, oder ihre Ausr\u00fcstung gleich nach der Ankunft zu mieten, bis ihr Zimmer frei ist.<br \/>\nEin Gep\u00e4ckraum steht Ihnen zur Verf\u00fcgung.<\/p>\n<p><b>Check-Out<\/b>: zwischen <b>8.00 Uhr<\/b> und <b>12h. (Late Checkout auf Anfrage m\u00f6glich, je nach Verf\u00fcgbarkeit)<br \/>\n<\/b><\/p>\n<p>Bettw\u00e4sche, Handt\u00fccher und Reinigung sind in unseren Leistungen inbegriffen.<\/p>\n<h3 class=\"white_h3\">VERSP\u00c4TETE ANKUNFT<\/h3>\n<p class=\"white\">Sie haben Ihr Zimmer gebucht und werden voraussichtlich nach Schlie\u00dfung der Rezeption ankommen?<\/p>\n<p><span class=\"strong-white\">Bitte kontaktieren Sie uns, um uns \u00fcber Ihre versp\u00e4tete Ankunft zu informieren. Wir werden Ihnen eine L\u00f6sung anbieten, wie Sie Ihr Zimmer au\u00dferhalb der Check-in-Zeiten beziehen k\u00f6nnen.<br \/>\n<\/span><\/p>\n<p>[\/vc_column_text][\/vc_column][\/vc_row][vc_row][vc_column][vc_separator color=&#8221;white&#8221;][\/vc_column][\/vc_row]<\/p>\n<\/div>","protected":false},"excerpt":{"rendered":"<p>[vc_row][vc_column][vc_empty_space][\/vc_column][\/vc_row][vc_row][vc_column width=&#8221;1\/2&#8243;][vc_column_text css=&#8221;.vc_custom_1715708622807{margin-top: 32px !important;}&#8221;] AUTO VON DEN HAUPTACHSEN DER SCHWEIZ Von Genf, Lausanne, Montreux, Martigny \u00fcber die A9. Ausfahrt 18 Saint Triphon &#8211; Portes du Soleil Richtung Collombey-Tunnel Im Dorf Val d&#8217;Illiez am Kreisverkehr folgen Sie Les Crosets. In Les Crosets nehmen Sie den Tunnel bis zum Ende des&#8230;<\/p>\n","protected":false},"author":1,"featured_media":0,"parent":0,"menu_order":0,"comment_status":"closed","ping_status":"closed","template":"","meta":{"footnotes":""},"class_list":["post-33141","page","type-page","status-publish","hentry"],"_links":{"self":[{"href":"https:\/\/test.chaletmontriond.ch\/de\/wp-json\/wp\/v2\/pages\/33141","targetHints":{"allow":["GET"]}}],"collection":[{"href":"https:\/\/test.chaletmontriond.ch\/de\/wp-json\/wp\/v2\/pages"}],"about":[{"href":"https:\/\/test.chaletmontriond.ch\/de\/wp-json\/wp\/v2\/types\/page"}],"author":[{"embeddable":true,"href":"https:\/\/test.chaletmontriond.ch\/de\/wp-json\/wp\/v2\/users\/1"}],"replies":[{"embeddable":true,"href":"https:\/\/test.chaletmontriond.ch\/de\/wp-json\/wp\/v2\/comments?post=33141"}],"version-history":[{"count":3,"href":"https:\/\/test.chaletmontriond.ch\/de\/wp-json\/wp\/v2\/pages\/33141\/revisions"}],"predecessor-version":[{"id":33667,"href":"https:\/\/test.chaletmontriond.ch\/de\/wp-json\/wp\/v2\/pages\/33141\/revisions\/33667"}],"wp:attachment":[{"href":"https:\/\/test.chaletmontriond.ch\/de\/wp-json\/wp\/v2\/media?parent=33141"}],"curies":[{"name":"wp","href":"https:\/\/api.w.org\/{rel}","templated":true}]}}