{"id":33155,"date":"2019-01-07T16:59:57","date_gmt":"2019-01-07T15:59:57","guid":{"rendered":"https:\/\/test.chaletmontriond.ch\/wellnessbereich\/"},"modified":"2024-05-17T10:23:22","modified_gmt":"2024-05-17T08:23:22","slug":"wellnessbereich","status":"publish","type":"page","link":"https:\/\/test.chaletmontriond.ch\/de\/wellnessbereich\/","title":{"rendered":"Wellnessbereich"},"content":{"rendered":"<div class=\"wpb-content-wrapper\"><p>[vc_row][vc_column]<div class=\"thim-widget-heading template-default\"><div class=\"thim-sc-heading\" >\n\t\t<div class=\"article_heading \">\n\t\t\t\n\t\t\t<p class=\"heading_primary\"  >Notre Espace pour votre d\u00e9tente et votre bien-\u00eatre<\/p>\n\t\t\t\n\t\t\t\n\t\t<\/div>\n\t<\/div><\/div>[\/vc_column][\/vc_row][vc_row][vc_column width=&#8221;1\/2&#8243;][vc_column_text css=&#8221;.vc_custom_1715113376852{margin-top: 32px !important;}&#8221;]<strong>Wohlbefinden f\u00fcr alle<\/strong><\/p>\n<p>2 Saunen f\u00fcr M\u00e4nner und Frauen<br \/>\n1 Ruheraum mit Blick auf die Alpen<br \/>\n1 Massagebereich<br \/>\n1 Aktivit\u00e4tsraum (Yoga, Gymnastik, etc.) auf Anfrage[\/vc_column_text][\/vc_column][vc_column width=&#8221;1\/2&#8243;][vc_column_text css=&#8221;.vc_custom_1715113436932{margin-top: 32px !important;}&#8221;]<strong>Kostenlos geliefert<br \/>\n<\/strong><\/p>\n<p>Bademantel<br \/>\nHausschuhe<br \/>\nSaunat\u00fccher<br \/>\nKr\u00e4utertees[\/vc_column_text][\/vc_column][\/vc_row][vc_row][vc_column][vc_empty_space][\/vc_column][\/vc_row][vc_row][vc_column][vc_gallery interval=&#8221;3&#8243; images=&#8221;33113,33110,33104,33101&#8243; img_size=&#8221;375&#215;175&#8243; css=&#8221;&#8221;][\/vc_column][\/vc_row][vc_row][vc_column]<div class=\"thim-widget-heading template-default\"><div class=\"thim-sc-heading\" >\n\t\t<div class=\"article_heading \">\n\t\t\t\n\t\t\t<p class=\"heading_primary\"  >Massages<\/p>\n\t\t\t\n\t\t\t\n\t\t<\/div>\n\t<\/div><\/div>[\/vc_column][\/vc_row][vc_row][vc_column][vc_column_text css=&#8221;.vc_custom_1715113509886{margin-top: 32px !important;}&#8221;]Entspannen Sie sich in den sanften H\u00e4nden unserer Kosmetikerinnen und Massagetherapeuten und lassen Sie Ihre Sinne die Oberhand gewinnen.<\/p>\n<p>W\u00e4hlen Sie aus einem breiten Angebot an Sch\u00f6nheitsbehandlungen und einer Reihe von Kosmetikprodukten mit nat\u00fcrlichen Inhaltsstoffen. M\u00fcdigkeit und Anspannung werden einem angenehmen Gef\u00fchl des Wohlbefindens und der Gelassenheit weichen.<\/p>\n<p>Zur Information :<\/p>\n<p>Alle Massagetechniken, die in unseren Spas angeboten werden, wurden entwickelt, um die Sch\u00f6nheit und das Wohlbefinden zu verbessern. Wir bieten keine medizinischen, para-medizinischen oder therapeutischen Massagen an. Der Begriff &#8220;Massage&#8221; kann sich auch auf eine Vielzahl von K\u00f6rperformungstechniken beziehen, die von qualifizierten, aber nicht medizinischen Massagetherapeuten durchgef\u00fchrt werden.[\/vc_column_text][\/vc_column][\/vc_row]<\/p>\n<\/div>","protected":false},"excerpt":{"rendered":"<p>[vc_row][vc_column][\/vc_column][\/vc_row][vc_row][vc_column width=&#8221;1\/2&#8243;][vc_column_text css=&#8221;.vc_custom_1715113376852{margin-top: 32px !important;}&#8221;]Wohlbefinden f\u00fcr alle 2 Saunen f\u00fcr M\u00e4nner und Frauen 1 Ruheraum mit Blick auf die Alpen 1 Massagebereich 1 Aktivit\u00e4tsraum (Yoga, Gymnastik, etc.) auf Anfrage[\/vc_column_text][\/vc_column][vc_column width=&#8221;1\/2&#8243;][vc_column_text css=&#8221;.vc_custom_1715113436932{margin-top: 32px !important;}&#8221;]Kostenlos geliefert Bademantel Hausschuhe Saunat\u00fccher Kr\u00e4utertees[\/vc_column_text][\/vc_column][\/vc_row][vc_row][vc_column][vc_empty_space][\/vc_column][\/vc_row][vc_row][vc_column][vc_gallery interval=&#8221;3&#8243; images=&#8221;33113,33110,33104,33101&#8243; img_size=&#8221;375&#215;175&#8243; css=&#8221;&#8221;][\/vc_column][\/vc_row][vc_row][vc_column][\/vc_column][\/vc_row][vc_row][vc_column][vc_column_text css=&#8221;.vc_custom_1715113509886{margin-top: 32px !important;}&#8221;]Entspannen Sie sich in den sanften&#8230;<\/p>\n","protected":false},"author":1,"featured_media":0,"parent":0,"menu_order":0,"comment_status":"closed","ping_status":"closed","template":"","meta":{"footnotes":""},"class_list":["post-33155","page","type-page","status-publish","hentry"],"_links":{"self":[{"href":"https:\/\/test.chaletmontriond.ch\/de\/wp-json\/wp\/v2\/pages\/33155","targetHints":{"allow":["GET"]}}],"collection":[{"href":"https:\/\/test.chaletmontriond.ch\/de\/wp-json\/wp\/v2\/pages"}],"about":[{"href":"https:\/\/test.chaletmontriond.ch\/de\/wp-json\/wp\/v2\/types\/page"}],"author":[{"embeddable":true,"href":"https:\/\/test.chaletmontriond.ch\/de\/wp-json\/wp\/v2\/users\/1"}],"replies":[{"embeddable":true,"href":"https:\/\/test.chaletmontriond.ch\/de\/wp-json\/wp\/v2\/comments?post=33155"}],"version-history":[{"count":15,"href":"https:\/\/test.chaletmontriond.ch\/de\/wp-json\/wp\/v2\/pages\/33155\/revisions"}],"predecessor-version":[{"id":33798,"href":"https:\/\/test.chaletmontriond.ch\/de\/wp-json\/wp\/v2\/pages\/33155\/revisions\/33798"}],"wp:attachment":[{"href":"https:\/\/test.chaletmontriond.ch\/de\/wp-json\/wp\/v2\/media?parent=33155"}],"curies":[{"name":"wp","href":"https:\/\/api.w.org\/{rel}","templated":true}]}}