{"id":33292,"date":"2021-07-12T12:36:35","date_gmt":"2021-07-12T10:36:35","guid":{"rendered":"https:\/\/test.chaletmontriond.ch\/sommeraktivitaeten-fuer-kinder\/"},"modified":"2024-05-16T16:08:16","modified_gmt":"2024-05-16T14:08:16","slug":"sommeraktivitaeten-fuer-kinder","status":"publish","type":"page","link":"https:\/\/test.chaletmontriond.ch\/de\/sommeraktivitaeten-fuer-kinder\/","title":{"rendered":"Sommeraktivit\u00e4ten f\u00fcr Kinder"},"content":{"rendered":"<div class=\"wpb-content-wrapper\"><p>[vc_row][vc_column][vc_empty_space]<div class=\"thim-widget-heading template-default\"><div class=\"thim-sc-heading\" >\n\t\t<div class=\"article_heading \">\n\t\t\t\n\t\t\t<p class=\"heading_primary\"  >AKTIVIT\u00c4TEN F\u00dcR KINDER<\/p>\n\t\t\t\n\t\t\t\n\t\t<\/div>\n\t<\/div><\/div>[vc_empty_space][vc_column_text css=&#8221;&#8221;]<\/p>\n<h5 style=\"text-align: center;\">Machen Sie das Beste aus Ihren Kindern im Sommer, indem Sie sie an unvergessliche Orte bringen!<\/h5>\n<h5 style=\"text-align: center;\">Die Region ist reich an Aktivit\u00e4ten f\u00fcr Kinder jeden Alters, damit sie die umliegende Natur, die kulturellen Entdeckungen und die Spiele zu ihrem Vergn\u00fcgen genie\u00dfen k\u00f6nnen.<\/h5>\n<p>[\/vc_column_text][\/vc_column][\/vc_row][vc_row][vc_column][vc_empty_space][\/vc_column][\/vc_row][vc_row][vc_column width=&#8221;1\/3&#8243;][vc_hoverbox image=&#8221;32767&#8243; primary_title=&#8221;&#8221; hover_title=&#8221;&#8221; hover_btn_title=&#8221;Weitere Informationen&#8221; hover_btn_color=&#8221;info&#8221; hover_add_button=&#8221;true&#8221; hover_btn_link=&#8221;url:https%3A%2F%2Fwww.aquaparc.ch|target:%20_blank|&#8221;]<\/p>\n<h3><span style=\"color: #333399;\">AQUAPARC<\/span><\/h3>\n<p>[\/vc_hoverbox][\/vc_column][vc_column width=&#8221;1\/3&#8243;][vc_hoverbox image=&#8221;33258&#8243; primary_title=&#8221;&#8221; hover_title=&#8221;&#8221; hover_btn_title=&#8221;Weitere Informationen&#8221; hover_btn_color=&#8221;info&#8221; hover_add_button=&#8221;true&#8221; hover_btn_link=&#8221;url:https%3A%2F%2Fwww.labyrinthe.ch|target:%20_blank|&#8221;]<\/p>\n<h3><span style=\"color: #333399;\">LABYRINTH ABENTEUER<\/span><\/h3>\n<p>[\/vc_hoverbox][\/vc_column][vc_column width=&#8221;1\/3&#8243;][vc_hoverbox image=&#8221;33261&#8243; primary_title=&#8221;&#8221; hover_title=&#8221;&#8221; hover_btn_title=&#8221;Weitere Informationen&#8221; hover_btn_color=&#8221;info&#8221; hover_add_button=&#8221;true&#8221; hover_btn_link=&#8221;url:http%3A%2F%2Fwww.western-city.ch%2F|target:%20_blank|&#8221;]<\/p>\n<h3><span style=\"color: #333399;\">WESTERN CITY<\/span><\/h3>\n<p>[\/vc_hoverbox][\/vc_column][\/vc_row][vc_row][vc_column][vc_empty_space][\/vc_column][\/vc_row][vc_row][vc_column width=&#8221;1\/3&#8243;][vc_hoverbox image=&#8221;33264&#8243; primary_title=&#8221;&#8221; hover_title=&#8221;&#8221; hover_btn_title=&#8221;Weitere Informationen&#8221; hover_btn_color=&#8221;info&#8221; hover_add_button=&#8221;true&#8221; hover_btn_link=&#8221;url:http%3A%2F%2Fwww.zoo-alpin.ch%2F|target:%20_blank|&#8221;]<\/p>\n<h3><span style=\"color: #333399;\">ZOO DES MARECOTTES<\/span><\/h3>\n<p>[\/vc_hoverbox][\/vc_column][vc_column width=&#8221;1\/3&#8243;][vc_hoverbox image=&#8221;33267&#8243; primary_title=&#8221;&#8221; hover_title=&#8221;&#8221; hover_btn_title=&#8221;Weitere Informationen&#8221; hover_btn_color=&#8221;info&#8221; hover_add_button=&#8221;true&#8221; hover_btn_link=&#8221;url:https%3A%2F%2Fwww.zoo-servion.ch%2F|target:%20_blank|&#8221;]<\/p>\n<h3><span style=\"color: #333399;\">ZOO VON SERVION<\/span><\/h3>\n<p>&nbsp;<\/p>\n<p>[\/vc_hoverbox][\/vc_column][vc_column width=&#8221;1\/3&#8243;][vc_hoverbox image=&#8221;33270&#8243; primary_title=&#8221;&#8221; hover_title=&#8221;&#8221; hover_btn_title=&#8221;Weitere Informationen&#8221; hover_btn_color=&#8221;info&#8221; hover_add_button=&#8221;true&#8221; hover_btn_link=&#8221;url:https%3A%2F%2Fwww.swissvapeur.ch%2F|target:%20_blank|&#8221;]<\/p>\n<h3><span style=\"color: #333399;\">SWISS VAPEUR PARC<\/span><\/h3>\n<p>[\/vc_hoverbox][\/vc_column][\/vc_row][vc_row][vc_column][vc_empty_space][\/vc_column][\/vc_row][vc_row][vc_column width=&#8221;1\/3&#8243;][vc_hoverbox image=&#8221;33273&#8243; primary_title=&#8221;&#8221; hover_title=&#8221;&#8221; hover_btn_title=&#8221;Weitere Informationen&#8221; hover_btn_color=&#8221;info&#8221; hover_add_button=&#8221;true&#8221; hover_btn_link=&#8221;url:https%3A%2F%2Fwww.regiondentsdumidi.ch%2Ffr%2Forganic-adventure-park-fp363|target:%20_blank|&#8221;]<\/p>\n<h3><span style=\"color: #333399;\">ABENTEUERPARK<\/span><\/h3>\n<p>[\/vc_hoverbox][\/vc_column][vc_column width=&#8221;1\/3&#8243;][vc_hoverbox image=&#8221;33277&#8243; primary_title=&#8221;&#8221; hover_title=&#8221;&#8221; hover_btn_title=&#8221;Weitere Informationen&#8221; hover_btn_color=&#8221;info&#8221; hover_add_button=&#8221;true&#8221; hover_btn_link=&#8221;url:https%3A%2F%2Fwww.funplanet.ch%2F|target:%20_blank|&#8221;]<\/p>\n<h3><span style=\"color: #333399;\">FUN PLANET<\/span><\/h3>\n<p>[\/vc_hoverbox][\/vc_column][vc_column width=&#8221;1\/3&#8243;][vc_hoverbox image=&#8221;33280&#8243; primary_title=&#8221;&#8221; hover_title=&#8221;&#8221; hover_btn_title=&#8221;Weitere Informationen&#8221; hover_btn_color=&#8221;info&#8221; hover_add_button=&#8221;true&#8221; hover_btn_link=&#8221;url:https%3A%2F%2Fwww.trapgame-champery.ch|target:%20_blank|&#8221;]<\/p>\n<h3><span style=\"color: #333399;\">ESCAPE GAME<\/span><\/h3>\n<p>[\/vc_hoverbox][\/vc_column][\/vc_row][vc_row][vc_column][vc_empty_space][\/vc_column][\/vc_row][vc_row][vc_column width=&#8221;1\/3&#8243;][\/vc_column][vc_column width=&#8221;1\/3&#8243;][vc_hoverbox image=&#8221;33283&#8243; primary_title=&#8221;&#8221; hover_title=&#8221;&#8221; hover_btn_title=&#8221;Weitere Informationen&#8221; hover_btn_color=&#8221;info&#8221; hover_add_button=&#8221;true&#8221; hover_btn_link=&#8221;url:https%3A%2F%2Fwww.regiondentsdumidi.ch%2Ffr%2Factivite%2Fete%2Fequitation-ete-lm|target:%20_blank|&#8221;]<\/p>\n<h3><span style=\"color: #333399;\">REITEN<\/span><\/h3>\n<p>[\/vc_hoverbox][\/vc_column][vc_column width=&#8221;1\/3&#8243;][\/vc_column][\/vc_row][vc_row][vc_column][vc_empty_space][\/vc_column][\/vc_row][vc_row][vc_column width=&#8221;1\/3&#8243;][\/vc_column][vc_column width=&#8221;1\/3&#8243;][\/vc_column][\/vc_row]<\/p>\n<\/div>","protected":false},"excerpt":{"rendered":"<p>[vc_row][vc_column][vc_empty_space][vc_empty_space][vc_column_text css=&#8221;&#8221;] Machen Sie das Beste aus Ihren Kindern im Sommer, indem Sie sie an unvergessliche Orte bringen! Die Region ist reich an Aktivit\u00e4ten f\u00fcr Kinder jeden Alters, damit sie die umliegende Natur, die kulturellen Entdeckungen und die Spiele zu ihrem Vergn\u00fcgen genie\u00dfen k\u00f6nnen. [\/vc_column_text][\/vc_column][\/vc_row][vc_row][vc_column][vc_empty_space][\/vc_column][\/vc_row][vc_row][vc_column width=&#8221;1\/3&#8243;][vc_hoverbox image=&#8221;32767&#8243; primary_title=&#8221;&#8221; hover_title=&#8221;&#8221; hover_btn_title=&#8221;Weitere&#8230;<\/p>\n","protected":false},"author":1,"featured_media":0,"parent":0,"menu_order":0,"comment_status":"closed","ping_status":"closed","template":"..\/public\/views\/revslider-page-template.php","meta":{"footnotes":""},"class_list":["post-33292","page","type-page","status-publish","hentry"],"_links":{"self":[{"href":"https:\/\/test.chaletmontriond.ch\/de\/wp-json\/wp\/v2\/pages\/33292","targetHints":{"allow":["GET"]}}],"collection":[{"href":"https:\/\/test.chaletmontriond.ch\/de\/wp-json\/wp\/v2\/pages"}],"about":[{"href":"https:\/\/test.chaletmontriond.ch\/de\/wp-json\/wp\/v2\/types\/page"}],"author":[{"embeddable":true,"href":"https:\/\/test.chaletmontriond.ch\/de\/wp-json\/wp\/v2\/users\/1"}],"replies":[{"embeddable":true,"href":"https:\/\/test.chaletmontriond.ch\/de\/wp-json\/wp\/v2\/comments?post=33292"}],"version-history":[{"count":7,"href":"https:\/\/test.chaletmontriond.ch\/de\/wp-json\/wp\/v2\/pages\/33292\/revisions"}],"predecessor-version":[{"id":33676,"href":"https:\/\/test.chaletmontriond.ch\/de\/wp-json\/wp\/v2\/pages\/33292\/revisions\/33676"}],"wp:attachment":[{"href":"https:\/\/test.chaletmontriond.ch\/de\/wp-json\/wp\/v2\/media?parent=33292"}],"curies":[{"name":"wp","href":"https:\/\/api.w.org\/{rel}","templated":true}]}}