{"id":33376,"date":"2021-07-14T09:40:26","date_gmt":"2021-07-14T07:40:26","guid":{"rendered":"https:\/\/test.chaletmontriond.ch\/aktivitaeten-im-zentralwallis\/"},"modified":"2024-05-16T16:01:05","modified_gmt":"2024-05-16T14:01:05","slug":"aktivitaeten-im-zentralwallis","status":"publish","type":"page","link":"https:\/\/test.chaletmontriond.ch\/de\/aktivitaeten-im-zentralwallis\/","title":{"rendered":"Aktivit\u00e4ten im Zentralwallis"},"content":{"rendered":"<div class=\"wpb-content-wrapper\"><p>[vc_row][vc_column][vc_empty_space]<div class=\"thim-widget-heading template-default\"><div class=\"thim-sc-heading\" >\n\t\t<div class=\"article_heading \">\n\t\t\t\n\t\t\t<p class=\"heading_primary\"  >Zentralwallis<\/p>\n\t\t\t\n\t\t\t\n\t\t<\/div>\n\t<\/div><\/div>[vc_empty_space][vc_column_text css=&#8221;&#8221;]<\/p>\n<h5 style=\"text-align: center;\">Das Wallis ist nicht nur landschaftlich sehr reizvoll, sondern bietet auch eine Vielzahl von kulturellen und spielerischen Aktivit\u00e4ten.<\/h5>\n<h5 style=\"text-align: center;\"><\/h5>\n<h5 style=\"text-align: center;\">Nutzen Sie Ihren ruhigen Aufenthalt, um einige kleine Ausfl\u00fcge in das Wallis zu unternehmen.<\/h5>\n<h5 style=\"text-align: center;\">Alle diese Aktivit\u00e4ten sind weniger als eine Stunde vom Chalet Montriond entfernt.<\/h5>\n<p>[\/vc_column_text][\/vc_column][\/vc_row][vc_row][vc_column][vc_empty_space][\/vc_column][\/vc_row][vc_row][vc_column width=&#8221;1\/3&#8243;][vc_hoverbox image=&#8221;33210&#8243; primary_title=&#8221;&#8221; hover_title=&#8221;&#8221; hover_btn_title=&#8221;Weitere Informationen&#8221; hover_btn_color=&#8221;info&#8221; hover_add_button=&#8221;true&#8221; hover_btn_link=&#8221;url:https%3A%2F%2Fwww.barryland.ch%2F|target:%20_blank|&#8221;]<\/p>\n<h3><span style=\"color: #333399;\">BARRYLAND<\/span><\/h3>\n<p>[\/vc_hoverbox][\/vc_column][vc_column width=&#8221;1\/3&#8243;][vc_hoverbox image=&#8221;33214&#8243; primary_title=&#8221;&#8221; hover_title=&#8221;&#8221; hover_btn_title=&#8221;Weitere Informationen&#8221; hover_btn_color=&#8221;info&#8221; hover_add_button=&#8221;true&#8221; hover_btn_link=&#8221;url:https%3A%2F%2Fwww.batiaz.ch%2F|target:%20_blank|&#8221;]<\/p>\n<h3><span style=\"color: #333399;\">CH\u00c2TEAU DE LA B\u00c2TIAZ<\/span><\/h3>\n<p>[\/vc_hoverbox][\/vc_column][vc_column width=&#8221;1\/3&#8243;][vc_hoverbox image=&#8221;33217&#8243; primary_title=&#8221;&#8221; hover_title=&#8221;&#8221; hover_btn_title=&#8221;Weitere Informationen&#8221; hover_btn_color=&#8221;info&#8221; hover_add_button=&#8221;true&#8221; hover_btn_link=&#8221;url:https%3A%2F%2Fwww.bovernier.ch%2Fcommune%2Fgorges-durnand-99.html|target:%20_blank|&#8221;]<\/p>\n<h3><span style=\"color: #333399;\">DURNAND-SCHLUCHT<\/span><\/h3>\n<p>[\/vc_hoverbox][\/vc_column][\/vc_row][vc_row][vc_column][vc_empty_space][\/vc_column][\/vc_row][vc_row][vc_column width=&#8221;1\/3&#8243;][vc_hoverbox image=&#8221;33220&#8243; primary_title=&#8221;&#8221; hover_title=&#8221;&#8221; hover_btn_title=&#8221;Weitere Informationen&#8221; hover_btn_color=&#8221;info&#8221; hover_add_button=&#8221;true&#8221; hover_btn_link=&#8221;url:https%3A%2F%2Fverticalp-emosson.ch%2F|target:%20_blank|&#8221;]<\/p>\n<h3><span style=\"color: #333399;\">VERTICALP<\/span><\/h3>\n<p>[\/vc_hoverbox][\/vc_column][vc_column width=&#8221;1\/3&#8243;][vc_hoverbox image=&#8221;33246&#8243; primary_title=&#8221;&#8221; hover_title=&#8221;&#8221; hover_btn_title=&#8221;Weitere Informationen&#8221; hover_btn_color=&#8221;info&#8221; hover_add_button=&#8221;true&#8221; hover_btn_link=&#8221;url:https%3A%2F%2Fwww.mont-blanc-express.ch%2F|target:%20_blank|&#8221;]<\/p>\n<h3><span style=\"color: #333399;\">MONT BLANC EXPRESS<\/span><\/h3>\n<p>[\/vc_hoverbox][\/vc_column][vc_column width=&#8221;1\/3&#8243;][vc_hoverbox image=&#8221;33249&#8243; primary_title=&#8221;&#8221; hover_title=&#8221;&#8221; hover_btn_title=&#8221;Weitere Informationen&#8221; hover_btn_color=&#8221;info&#8221; hover_add_button=&#8221;true&#8221; hover_btn_link=&#8221;url:https%3A%2F%2Fwww.torrent-neuf.ch%2F|target:%20_blank|&#8221;]<\/p>\n<h3><span style=\"color: #333399;\">BISSE TORRENT NEUF<\/span><\/h3>\n<p>[\/vc_hoverbox][\/vc_column][\/vc_row][vc_row][vc_column][vc_empty_space][\/vc_column][\/vc_row][vc_row][vc_column width=&#8221;1\/3&#8243;][vc_hoverbox image=&#8221;33229&#8243; primary_title=&#8221;&#8221; hover_title=&#8221;&#8221; hover_btn_title=&#8221;Weitere Informationen&#8221; hover_btn_color=&#8221;info&#8221; hover_add_button=&#8221;true&#8221; hover_btn_link=&#8221;url:https%3A%2F%2Fwww.les-bisses-du-valais.ch%2Ffr%2F|target:%20_blank|&#8221;]<\/p>\n<h3><span style=\"color: #333399;\">SUONEN IM WALLIS<\/span><\/h3>\n<p>[\/vc_hoverbox][\/vc_column][vc_column width=&#8221;1\/3&#8243;][vc_hoverbox image=&#8221;33223&#8243; primary_title=&#8221;&#8221; hover_title=&#8221;&#8221; hover_btn_title=&#8221;Weitere Informationen&#8221; hover_btn_color=&#8221;info&#8221; hover_add_button=&#8221;true&#8221; hover_btn_link=&#8221;url:https%3A%2F%2Fsiontourisme.ch%2Findex.php%2Ffr%2F|target:%20_blank|&#8221;]<\/p>\n<h3><span style=\"color: #333399;\">SION DIE HAUPTSTADT<\/span><\/h3>\n<p>&nbsp;<\/p>\n<p>[\/vc_hoverbox][\/vc_column][vc_column width=&#8221;1\/3&#8243;][vc_hoverbox image=&#8221;33232&#8243; primary_title=&#8221;&#8221; hover_title=&#8221;&#8221; hover_btn_title=&#8221;Weitere Informationen&#8221; hover_btn_color=&#8221;info&#8221; hover_add_button=&#8221;true&#8221; hover_btn_link=&#8221;url:https%3A%2F%2Fwww.celliers.ch%2F|target:%20_blank|&#8221;]<\/p>\n<h3><span style=\"color: #333399;\">OENOPARC<\/span><\/h3>\n<p>[\/vc_hoverbox][\/vc_column][\/vc_row][vc_row][vc_column][vc_empty_space][\/vc_column][\/vc_row][vc_row][vc_column width=&#8221;1\/3&#8243;][vc_hoverbox image=&#8221;33242&#8243; primary_title=&#8221;&#8221; hover_title=&#8221;&#8221; hover_btn_title=&#8221;Weitere Informationen&#8221; hover_btn_color=&#8221;info&#8221; hover_add_button=&#8221;true&#8221; hover_btn_link=&#8221;url:https%3A%2F%2Fwww.lac-souterrain.com%2F|target:%20_blank|&#8221;]<\/p>\n<h3><span style=\"color: #333399;\">UNTERIRDISCHER SEE<\/span><\/h3>\n<p>[\/vc_hoverbox][\/vc_column][vc_column width=&#8221;1\/3&#8243;][vc_hoverbox image=&#8221;33238&#8243; primary_title=&#8221;&#8221; hover_title=&#8221;&#8221; hover_btn_title=&#8221;Weitere Informationen&#8221; hover_btn_color=&#8221;info&#8221; hover_add_button=&#8221;true&#8221; hover_btn_link=&#8221;url:https%3A%2F%2Fwww.saillon.ch%2Ftourisme%2Fculture%2Ffarinet%2Fla-passerelle-%25C3%25A0-farinet.aspx|target:%20_blank|&#8221;]<\/p>\n<h3><span style=\"color: #333399;\">DIE BR\u00dcCKE IN FARINET<\/span><\/h3>\n<p>[\/vc_hoverbox][\/vc_column][vc_column width=&#8221;1\/3&#8243;][vc_hoverbox image=&#8221;33235&#8243; primary_title=&#8221;&#8221; hover_title=&#8221;&#8221; hover_btn_title=&#8221;Weitere Informationen&#8221; hover_btn_color=&#8221;info&#8221; hover_add_button=&#8221;true&#8221; hover_btn_link=&#8221;url:https%3A%2F%2Fwww.valdherens.ch%2Ffr%2Ffppoi-lac-bleu-40247.html|target:%20_blank|&#8221;]<\/p>\n<h3><span style=\"color: #333399;\">BLAUER SEE AROLLA<\/span><\/h3>\n<p>[\/vc_hoverbox][\/vc_column][\/vc_row][vc_row][vc_column width=&#8221;1\/3&#8243;][\/vc_column][vc_column width=&#8221;1\/3&#8243;][\/vc_column][\/vc_row]<\/p>\n<\/div>","protected":false},"excerpt":{"rendered":"<p>[vc_row][vc_column][vc_empty_space][vc_empty_space][vc_column_text css=&#8221;&#8221;] Das Wallis ist nicht nur landschaftlich sehr reizvoll, sondern bietet auch eine Vielzahl von kulturellen und spielerischen Aktivit\u00e4ten. Nutzen Sie Ihren ruhigen Aufenthalt, um einige kleine Ausfl\u00fcge in das Wallis zu unternehmen. Alle diese Aktivit\u00e4ten sind weniger als eine Stunde vom Chalet Montriond entfernt. [\/vc_column_text][\/vc_column][\/vc_row][vc_row][vc_column][vc_empty_space][\/vc_column][\/vc_row][vc_row][vc_column width=&#8221;1\/3&#8243;][vc_hoverbox image=&#8221;33210&#8243; primary_title=&#8221;&#8221;&#8230;<\/p>\n","protected":false},"author":1,"featured_media":0,"parent":0,"menu_order":0,"comment_status":"closed","ping_status":"closed","template":"..\/public\/views\/revslider-page-template.php","meta":{"footnotes":""},"class_list":["post-33376","page","type-page","status-publish","hentry"],"_links":{"self":[{"href":"https:\/\/test.chaletmontriond.ch\/de\/wp-json\/wp\/v2\/pages\/33376","targetHints":{"allow":["GET"]}}],"collection":[{"href":"https:\/\/test.chaletmontriond.ch\/de\/wp-json\/wp\/v2\/pages"}],"about":[{"href":"https:\/\/test.chaletmontriond.ch\/de\/wp-json\/wp\/v2\/types\/page"}],"author":[{"embeddable":true,"href":"https:\/\/test.chaletmontriond.ch\/de\/wp-json\/wp\/v2\/users\/1"}],"replies":[{"embeddable":true,"href":"https:\/\/test.chaletmontriond.ch\/de\/wp-json\/wp\/v2\/comments?post=33376"}],"version-history":[{"count":6,"href":"https:\/\/test.chaletmontriond.ch\/de\/wp-json\/wp\/v2\/pages\/33376\/revisions"}],"predecessor-version":[{"id":33672,"href":"https:\/\/test.chaletmontriond.ch\/de\/wp-json\/wp\/v2\/pages\/33376\/revisions\/33672"}],"wp:attachment":[{"href":"https:\/\/test.chaletmontriond.ch\/de\/wp-json\/wp\/v2\/media?parent=33376"}],"curies":[{"name":"wp","href":"https:\/\/api.w.org\/{rel}","templated":true}]}}