{"id":33390,"date":"2021-07-12T13:02:42","date_gmt":"2021-07-12T11:02:42","guid":{"rendered":"https:\/\/test.chaletmontriond.ch\/aktivitaeten-bei-regenwetter\/"},"modified":"2024-05-16T16:10:07","modified_gmt":"2024-05-16T14:10:07","slug":"aktivitaeten-bei-regenwetter","status":"publish","type":"page","link":"https:\/\/test.chaletmontriond.ch\/de\/aktivitaeten-bei-regenwetter\/","title":{"rendered":"Aktivit\u00e4ten bei Regenwetter"},"content":{"rendered":"<div class=\"wpb-content-wrapper\"><p>[vc_row][vc_column]<div class=\"thim-widget-heading template-default\"><div class=\"thim-sc-heading\" >\n\t\t<div class=\"article_heading \">\n\t\t\t\n\t\t\t<p class=\"heading_primary\"  >WAS TUN, WENN ES REGNET?<\/p>\n\t\t\t\n\t\t\t\n\t\t<\/div>\n\t<\/div><\/div>[vc_empty_space][vc_column_text]<\/p>\n<p style=\"text-align: center;\">Sind Sie in der Region und es regnet? Haben Sie keine Angst mehr vor dem Wetter, wenn Sie Ihren Urlaub in den Bergen buchen!<\/p>\n<p style=\"text-align: center;\">Es gibt viele Aktivit\u00e4ten f\u00fcr Jung und Alt, die auch bei Regenwetter Spa\u00df machen.<\/p>\n<p style=\"text-align: center;\"><strong>Der Multi-Pass:<\/strong> Mit dem Multi-Pass sind viele Veranstaltungen sogar kostenlos oder zu kleinen Preisen erh\u00e4ltlich!<\/p>\n<p>[\/vc_column_text][vc_btn title=&#8221;Die Aktivit\u00e4ten des Multipass&#8221; align=&#8221;center&#8221; link=&#8221;url:https%3A%2F%2Fwww.regiondentsdumidi.ch%2Ffr%2Fa-faire%2Fnos-incontournables%2Fnos-incontournables-de-l-ete%2Fmulti-pass-19387%2F|target:%20_blank|&#8221;][\/vc_column][\/vc_row][vc_row][vc_column width=&#8221;1\/2&#8243;][vc_empty_space][\/vc_column][vc_column width=&#8221;1\/2&#8243;][vc_empty_space][\/vc_column][\/vc_row][vc_row][vc_column width=&#8221;1\/3&#8243;][vc_hoverbox image=&#8221;33302&#8243; primary_title=&#8221;&#8221; hover_title=&#8221;&#8221; hover_btn_title=&#8221;Weitere Informationen&#8221; hover_btn_color=&#8221;info&#8221; hover_add_button=&#8221;true&#8221; hover_btn_link=&#8221;url:https%3A%2F%2Fwww.regiondentsdumidi.ch%2Ffr%2Fmur-de-grimpe-indoor-fp54|target:%20_blank|&#8221;]<\/p>\n<h3><span style=\"color: #333399;\">INDOOR-KLETTERN<\/span><\/h3>\n<p>[\/vc_hoverbox][\/vc_column][vc_column width=&#8221;1\/3&#8243;][vc_hoverbox image=&#8221;33306&#8243; primary_title=&#8221;&#8221; hover_title=&#8221;&#8221; hover_btn_title=&#8221;Weitere Informationen&#8221; hover_btn_color=&#8221;info&#8221; hover_add_button=&#8221;true&#8221; hover_btn_link=&#8221;url:https%3A%2F%2Fwww.valais.ch%2Ffr%2Flieux%2Fportes-du-soleil%2Fchampery%2Factivites%2Fpiscine-palladium|target:%20_blank|&#8221;]<\/p>\n<h3><span style=\"color: #333399;\">HALLENBAD<\/span><\/h3>\n<p>[\/vc_hoverbox][\/vc_column][vc_column width=&#8221;1\/3&#8243;][vc_hoverbox image=&#8221;33316&#8243; primary_title=&#8221;&#8221; hover_title=&#8221;&#8221; hover_btn_title=&#8221;Weitere Informationen&#8221; hover_btn_color=&#8221;info&#8221; hover_add_button=&#8221;true&#8221; hover_btn_link=&#8221;url:https%3A%2F%2Fwww.regiondentsdumidi.ch%2Ffr%2Fvisite-des-vieux-moulins-de-la-tine-fp481|target:%20_blank|&#8221;]<\/p>\n<h3><span style=\"color: #333399;\">MOULIN DE LA TINE<\/span><\/h3>\n<p>[\/vc_hoverbox][\/vc_column][\/vc_row][vc_row][vc_column][vc_empty_space][\/vc_column][\/vc_row][vc_row][vc_column width=&#8221;1\/3&#8243;][vc_hoverbox image=&#8221;33309&#8243; primary_title=&#8221;&#8221; hover_title=&#8221;&#8221; hover_btn_title=&#8221;Weitere Informationen&#8221; hover_btn_color=&#8221;info&#8221; hover_add_button=&#8221;true&#8221; hover_btn_link=&#8221;url:https%3A%2F%2Fwww.aquatis.ch%2F|target:%20_blank|&#8221;]<\/p>\n<h3><span style=\"color: #333399;\">AQUATIS<\/span><\/h3>\n<p>[\/vc_hoverbox][\/vc_column][vc_column width=&#8221;1\/3&#8243;][vc_hoverbox image=&#8221;33277&#8243; primary_title=&#8221;&#8221; hover_title=&#8221;&#8221; hover_btn_title=&#8221;Weitere Informationen&#8221; hover_btn_color=&#8221;info&#8221; hover_add_button=&#8221;true&#8221; hover_btn_link=&#8221;url:https%3A%2F%2Ffunplanet.ch%2Ffr%2Frennaz|target:%20_blank|&#8221;]<\/p>\n<h3><span style=\"color: #333399;\">FUNPLANET<\/span><\/h3>\n<p>[\/vc_hoverbox][\/vc_column][vc_column width=&#8221;1\/3&#8243;][vc_hoverbox image=&#8221;33312&#8243; primary_title=&#8221;&#8221; hover_title=&#8221;&#8221; hover_btn_title=&#8221;Weitere Informationen&#8221; hover_btn_color=&#8221;info&#8221; hover_add_button=&#8221;true&#8221; hover_btn_link=&#8221;url:https%3A%2F%2Fwww.bains-lavey.ch%2Ffr%2F|target:%20_blank|&#8221;]<\/p>\n<h3><span style=\"color: #333399;\">LAVEY LES BAINS<\/span><\/h3>\n<p>[\/vc_hoverbox][\/vc_column][\/vc_row][vc_row][vc_column][vc_empty_space][\/vc_column][\/vc_row][vc_row][vc_column width=&#8221;1\/3&#8243;][vc_hoverbox image=&#8221;11836&#8243; primary_title=&#8221;&#8221; hover_title=&#8221;&#8221; hover_btn_title=&#8221;Weitere Informationen&#8221; hover_btn_color=&#8221;info&#8221; hover_add_button=&#8221;true&#8221; hover_btn_link=&#8221;url:https%3A%2F%2Fcailler.ch%2Ffr%2Fmaison-cailler|target:%20_blank|&#8221;]<\/p>\n<h3><span style=\"color: #333399;\">LAVEY LES BAINS<\/span><\/h3>\n<p>[\/vc_hoverbox][\/vc_column][vc_column width=&#8221;1\/3&#8243;][\/vc_column][\/vc_row]<\/p>\n<\/div>","protected":false},"excerpt":{"rendered":"<p>[vc_row][vc_column][vc_empty_space][vc_column_text] Sind Sie in der Region und es regnet? Haben Sie keine Angst mehr vor dem Wetter, wenn Sie Ihren Urlaub in den Bergen buchen! Es gibt viele Aktivit\u00e4ten f\u00fcr Jung und Alt, die auch bei Regenwetter Spa\u00df machen. Der Multi-Pass: Mit dem Multi-Pass sind viele Veranstaltungen sogar kostenlos oder&#8230;<\/p>\n","protected":false},"author":1,"featured_media":0,"parent":0,"menu_order":0,"comment_status":"closed","ping_status":"closed","template":"","meta":{"footnotes":""},"class_list":["post-33390","page","type-page","status-publish","hentry"],"_links":{"self":[{"href":"https:\/\/test.chaletmontriond.ch\/de\/wp-json\/wp\/v2\/pages\/33390","targetHints":{"allow":["GET"]}}],"collection":[{"href":"https:\/\/test.chaletmontriond.ch\/de\/wp-json\/wp\/v2\/pages"}],"about":[{"href":"https:\/\/test.chaletmontriond.ch\/de\/wp-json\/wp\/v2\/types\/page"}],"author":[{"embeddable":true,"href":"https:\/\/test.chaletmontriond.ch\/de\/wp-json\/wp\/v2\/users\/1"}],"replies":[{"embeddable":true,"href":"https:\/\/test.chaletmontriond.ch\/de\/wp-json\/wp\/v2\/comments?post=33390"}],"version-history":[{"count":7,"href":"https:\/\/test.chaletmontriond.ch\/de\/wp-json\/wp\/v2\/pages\/33390\/revisions"}],"predecessor-version":[{"id":33677,"href":"https:\/\/test.chaletmontriond.ch\/de\/wp-json\/wp\/v2\/pages\/33390\/revisions\/33677"}],"wp:attachment":[{"href":"https:\/\/test.chaletmontriond.ch\/de\/wp-json\/wp\/v2\/media?parent=33390"}],"curies":[{"name":"wp","href":"https:\/\/api.w.org\/{rel}","templated":true}]}}