{"id":33543,"date":"2024-05-15T19:37:48","date_gmt":"2024-05-15T17:37:48","guid":{"rendered":"https:\/\/test.chaletmontriond.ch\/?page_id=33543"},"modified":"2024-05-15T19:37:48","modified_gmt":"2024-05-15T17:37:48","slug":"parcours_vtt","status":"publish","type":"page","link":"https:\/\/test.chaletmontriond.ch\/de\/parcours_vtt\/","title":{"rendered":"Parcours VTT"},"content":{"rendered":"<div class=\"wpb-content-wrapper\"><p>[vc_row][vc_column]\n\t\t\t\t<p class=\"rs-p-wp-fix\"><\/p>\n\t\t\t\t<sr7-module data-alias=\"ete-24\" data-id=\"3\" id=\"SR7_3_1\" class=\"rs-ov-hidden\" data-version=\"6.7.9\">\n\t\t\t\t\t<sr7-adjuster><\/sr7-adjuster>\n\t\t\t\t\t<sr7-content>\n\t\t\t\t\t\t<sr7-slide id=\"SR7_3_1-5\" data-key=\"5\">\n\t\t\t\t\t\t\t<sr7-bg id=\"SR7_3_1-5-5\" class=\"sr7-layer\"><noscript><img decoding=\"async\" src=\"https:\/\/test.chaletmontriond.ch\/wp-content\/uploads\/2016\/10\/Tanay_1920_600.png\" alt=\"\" title=\"Tanay_1920_600\"><\/noscript><\/sr7-bg>\n\t\t\t\t\t\t\t<sr7-txt id=\"SR7_3_1-5-0\" class=\"sr7-layer\">Lac Tanay: un bijou cach\u00e9<\/sr7-txt>\n\t\t\t\t\t\t<\/sr7-slide>\n\t\t\t\t\t\t<sr7-slide id=\"SR7_3_1-8\" data-key=\"8\">\n\t\t\t\t\t\t\t<sr7-bg id=\"SR7_3_1-8-5\" class=\"sr7-layer\"><noscript><img decoding=\"async\" src=\"https:\/\/test.chaletmontriond.ch\/wp-content\/uploads\/revslider\/ete-24\/Dents_du_Midi.jpg\" alt=\"\" title=\"Dents_du_Midi.jpg\"><\/noscript><\/sr7-bg>\n\t\t\t\t\t\t\t<sr7-txt id=\"SR7_3_1-8-0\" class=\"sr7-layer\">Les Dents du Midi l'embl\u00e8me de notre r\u00e9gion et accessible aux marcheurs<\/sr7-txt>\n\t\t\t\t\t\t<\/sr7-slide>\n\t\t\t\t\t\t<sr7-slide id=\"SR7_3_1-6\" data-key=\"6\">\n\t\t\t\t\t\t\t<sr7-bg id=\"SR7_3_1-6-5\" class=\"sr7-layer\"><noscript><img decoding=\"async\" src=\"https:\/\/test.chaletmontriond.ch\/wp-content\/uploads\/2016\/10\/Glacier_1920_600.png\" alt=\"\" title=\"Glacier_1920_600\"><\/noscript><\/sr7-bg>\n\t\t\t\t\t\t\t<sr7-txt id=\"SR7_3_1-6-0\" class=\"sr7-layer\">Les glaciers \u00e0 deux pas de vos randos<\/sr7-txt>\n\t\t\t\t\t\t<\/sr7-slide>\n\t\t\t\t\t\t<sr7-slide id=\"SR7_3_1-9\" data-key=\"9\">\n\t\t\t\t\t\t\t<sr7-bg id=\"SR7_3_1-9-5\" class=\"sr7-layer\"><noscript><img decoding=\"async\" src=\"https:\/\/test.chaletmontriond.ch\/wp-content\/uploads\/2016\/10\/Marmotte_2_1920_600.png\" alt=\"\" title=\"Marmotte_2_1920_600\"><\/noscript><\/sr7-bg>\n\t\t\t\t\t\t\t<sr7-txt id=\"SR7_3_1-9-0\" class=\"sr7-layer\">D\u00e9couvrez nos animaux sauvages<\/sr7-txt>\n\t\t\t\t\t\t<\/sr7-slide>\n\t\t\t\t\t\t<sr7-slide id=\"SR7_3_1-11\" data-key=\"11\">\n\t\t\t\t\t\t\t<sr7-bg id=\"SR7_3_1-11-5\" class=\"sr7-layer\"><noscript><img decoding=\"async\" src=\"https:\/\/test.chaletmontriond.ch\/wp-content\/uploads\/revslider\/ete-24\/Rhodo_1920_600.jpg\" alt=\"\" title=\"Rhodo_1920_600.jpg\"><\/noscript><\/sr7-bg>\n\t\t\t\t\t\t\t<sr7-txt id=\"SR7_3_1-11-0\" class=\"sr7-layer\">D\u00e9couvrez la flore alpine pr\u00e8s du Chalet Montriond<\/sr7-txt>\n\t\t\t\t\t\t<\/sr7-slide>\n\t\t\t\t\t\t<sr7-slide id=\"SR7_3_1-12\" data-key=\"12\">\n\t\t\t\t\t\t\t<sr7-bg id=\"SR7_3_1-12-5\" class=\"sr7-layer\"><noscript><img decoding=\"async\" src=\"https:\/\/test.chaletmontriond.ch\/wp-content\/uploads\/revslider\/ete-24\/Buvette_1_1920_600.png\" alt=\"\" title=\"Buvette_1_1920_600.png\"><\/noscript><\/sr7-bg>\n\t\t\t\t\t\t\t<sr7-txt id=\"SR7_3_1-12-0\" class=\"sr7-layer\">Nos buvettes d'alpage vous attendent<\/sr7-txt>\n\t\t\t\t\t\t<\/sr7-slide>\n\t\t\t\t\t\t<sr7-slide id=\"SR7_3_1-14\" data-key=\"14\">\n\t\t\t\t\t\t\t<sr7-bg id=\"SR7_3_1-14-5\" class=\"sr7-layer\"><noscript><img decoding=\"async\" src=\"https:\/\/test.chaletmontriond.ch\/wp-content\/uploads\/revslider\/ete-24\/Vache_1920_600.jpg\" alt=\"\" title=\"Vache_1920_600.jpg\"><\/noscript><\/sr7-bg>\n\t\t\t\t\t\t\t<sr7-txt id=\"SR7_3_1-14-0\" class=\"sr7-layer\">D\u00e9couvrez nos stars locales pr\u00e8s du Chalet Montriond<\/sr7-txt>\n\t\t\t\t\t\t<\/sr7-slide>\n\t\t\t\t\t\t<sr7-slide id=\"SR7_3_1-15\" data-key=\"15\">\n\t\t\t\t\t\t\t<sr7-bg id=\"SR7_3_1-15-5\" class=\"sr7-layer\"><noscript><img decoding=\"async\" src=\"https:\/\/test.chaletmontriond.ch\/wp-content\/uploads\/2016\/10\/Derborence_2_1920_600.png\" alt=\"\" title=\"Derborence_2_1920_600\"><\/noscript><\/sr7-bg>\n\t\t\t\t\t\t\t<sr7-txt id=\"SR7_3_1-15-0\" class=\"sr7-layer\">Derborence et son histoire racont\u00e9e par Ramuz<\/sr7-txt>\n\t\t\t\t\t\t<\/sr7-slide>\n\t\t\t\t\t\t<sr7-slide id=\"SR7_3_1-17\" data-key=\"17\">\n\t\t\t\t\t\t\t<sr7-bg id=\"SR7_3_1-17-5\" class=\"sr7-layer\"><noscript><img decoding=\"async\" src=\"https:\/\/test.chaletmontriond.ch\/wp-content\/uploads\/revslider\/ete-24\/Rando1_1920_600.png\" alt=\"\" title=\"Rando1_1920_600.png\"><\/noscript><\/sr7-bg>\n\t\t\t\t\t\t\t<sr7-txt id=\"SR7_3_1-17-0\" class=\"sr7-layer\">Toute l'\u00e9quipe du Chalet Montriond se r\u00e9jouis de vous recevoir.<\/sr7-txt>\n\t\t\t\t\t\t\t<sr7-txt id=\"SR7_3_1-17-2\" class=\"sr7-layer\">Nature, sport et s\u00e9r\u00e9nit\u00e9 au coeur des Alpes<\/sr7-txt>\n\t\t\t\t\t\t<\/sr7-slide>\n\t\t\t\t\t\t<sr7-slide id=\"SR7_3_1-20\" data-key=\"20\">\n\t\t\t\t\t\t<\/sr7-slide>\n\t\t\t\t\t<\/sr7-content>\n\t\t\t\t\t<image_lists style=\"display:none\">\n\t\t\t\t\t\t<img data-src=\"\/\/test.chaletmontriond.ch\/wp-content\/uploads\/revslider\/ete-24\/Flag_of_Switzerland_Pantone.svg_-300x300.png\" alt=\"cdn_helper\" data-libid=\"32789\" width=\"0\" height=\"0\" data-dbsrc=\"Ly90ZXN0LmNoYWxldG1vbnRyaW9uZC5jaC93cC1jb250ZW50L3VwbG9hZHMvcmV2c2xpZGVyL2V0ZS0yNC9GbGFnX29mX1N3aXR6ZXJsYW5kX1BhbnRvbmUuc3ZnXy0zMDB4MzAwLnBuZw==\"\/>\n\t\t\t\t\t\t<img data-src=\"\/\/test.chaletmontriond.ch\/wp-content\/uploads\/2016\/10\/Tanay_1920_600.png\" alt=\"cdn_helper\" data-libid=\"33811\" data-lib=\"medialibrary\" width=\"0\" height=\"0\" data-dbsrc=\"Ly90ZXN0LmNoYWxldG1vbnRyaW9uZC5jaC93cC1jb250ZW50L3VwbG9hZHMvMjAxNi8xMC9UYW5heV8xOTIwXzYwMC5wbmc=\"\/>\n\t\t\t\t\t\t<img data-src=\"\/\/test.chaletmontriond.ch\/wp-content\/uploads\/revslider\/ete-24\/Flag_of_Switzerland_Pantone.svg_-300x300.png\" alt=\"cdn_helper\" data-libid=\"32789\" width=\"0\" height=\"0\" data-dbsrc=\"Ly90ZXN0LmNoYWxldG1vbnRyaW9uZC5jaC93cC1jb250ZW50L3VwbG9hZHMvcmV2c2xpZGVyL2V0ZS0yNC9GbGFnX29mX1N3aXR6ZXJsYW5kX1BhbnRvbmUuc3ZnXy0zMDB4MzAwLnBuZw==\"\/>\n\t\t\t\t\t\t<img data-src=\"\/\/test.chaletmontriond.ch\/wp-content\/uploads\/2016\/10\/Glacier_1920_600.png\" alt=\"cdn_helper\" data-libid=\"33814\" data-lib=\"medialibrary\" width=\"0\" height=\"0\" data-dbsrc=\"Ly90ZXN0LmNoYWxldG1vbnRyaW9uZC5jaC93cC1jb250ZW50L3VwbG9hZHMvMjAxNi8xMC9HbGFjaWVyXzE5MjBfNjAwLnBuZw==\"\/>\n\t\t\t\t\t\t<img data-src=\"\/\/test.chaletmontriond.ch\/wp-content\/uploads\/revslider\/ete-24\/Flag_of_Switzerland_Pantone.svg_-300x300.png\" alt=\"cdn_helper\" data-libid=\"32789\" width=\"0\" height=\"0\" data-dbsrc=\"Ly90ZXN0LmNoYWxldG1vbnRyaW9uZC5jaC93cC1jb250ZW50L3VwbG9hZHMvcmV2c2xpZGVyL2V0ZS0yNC9GbGFnX29mX1N3aXR6ZXJsYW5kX1BhbnRvbmUuc3ZnXy0zMDB4MzAwLnBuZw==\"\/>\n\t\t\t\t\t\t<img data-src=\"\/\/test.chaletmontriond.ch\/wp-content\/uploads\/revslider\/ete-24\/Dents_du_Midi.jpg\" alt=\"cdn_helper\" data-libid=\"32801\" data-lib=\"medialibrary\" width=\"0\" height=\"0\" data-dbsrc=\"Ly90ZXN0LmNoYWxldG1vbnRyaW9uZC5jaC93cC1jb250ZW50L3VwbG9hZHMvcmV2c2xpZGVyL2V0ZS0yNC9EZW50c19kdV9NaWRpLmpwZw==\"\/>\n\t\t\t\t\t\t<img data-src=\"\/\/test.chaletmontriond.ch\/wp-content\/uploads\/revslider\/ete-24\/Flag_of_Switzerland_Pantone.svg_-300x300.png\" alt=\"cdn_helper\" data-libid=\"32789\" width=\"0\" height=\"0\" data-dbsrc=\"Ly90ZXN0LmNoYWxldG1vbnRyaW9uZC5jaC93cC1jb250ZW50L3VwbG9hZHMvcmV2c2xpZGVyL2V0ZS0yNC9GbGFnX29mX1N3aXR6ZXJsYW5kX1BhbnRvbmUuc3ZnXy0zMDB4MzAwLnBuZw==\"\/>\n\t\t\t\t\t\t<img data-src=\"\/\/test.chaletmontriond.ch\/wp-content\/uploads\/2016\/10\/Marmotte_2_1920_600.png\" alt=\"cdn_helper\" data-libid=\"33817\" data-lib=\"medialibrary\" width=\"0\" height=\"0\" data-dbsrc=\"Ly90ZXN0LmNoYWxldG1vbnRyaW9uZC5jaC93cC1jb250ZW50L3VwbG9hZHMvMjAxNi8xMC9NYXJtb3R0ZV8yXzE5MjBfNjAwLnBuZw==\"\/>\n\t\t\t\t\t\t<img data-src=\"\/\/test.chaletmontriond.ch\/wp-content\/uploads\/revslider\/ete-24\/Flag_of_Switzerland_Pantone.svg_-300x300.png\" alt=\"cdn_helper\" data-libid=\"32789\" width=\"0\" height=\"0\" data-dbsrc=\"Ly90ZXN0LmNoYWxldG1vbnRyaW9uZC5jaC93cC1jb250ZW50L3VwbG9hZHMvcmV2c2xpZGVyL2V0ZS0yNC9GbGFnX29mX1N3aXR6ZXJsYW5kX1BhbnRvbmUuc3ZnXy0zMDB4MzAwLnBuZw==\"\/>\n\t\t\t\t\t\t<img data-src=\"\/\/test.chaletmontriond.ch\/wp-content\/uploads\/revslider\/ete-24\/Rhodo_1920_600.jpg\" alt=\"cdn_helper\" data-libid=\"32810\" data-lib=\"medialibrary\" width=\"0\" height=\"0\" data-dbsrc=\"Ly90ZXN0LmNoYWxldG1vbnRyaW9uZC5jaC93cC1jb250ZW50L3VwbG9hZHMvcmV2c2xpZGVyL2V0ZS0yNC9SaG9kb18xOTIwXzYwMC5qcGc=\"\/>\n\t\t\t\t\t\t<img data-src=\"\/\/test.chaletmontriond.ch\/wp-content\/uploads\/revslider\/ete-24\/Flag_of_Switzerland_Pantone.svg_-300x300.png\" alt=\"cdn_helper\" data-libid=\"32789\" width=\"0\" height=\"0\" data-dbsrc=\"Ly90ZXN0LmNoYWxldG1vbnRyaW9uZC5jaC93cC1jb250ZW50L3VwbG9hZHMvcmV2c2xpZGVyL2V0ZS0yNC9GbGFnX29mX1N3aXR6ZXJsYW5kX1BhbnRvbmUuc3ZnXy0zMDB4MzAwLnBuZw==\"\/>\n\t\t\t\t\t\t<img data-src=\"\/\/test.chaletmontriond.ch\/wp-content\/uploads\/revslider\/ete-24\/Buvette_1_1920_600.png\" alt=\"cdn_helper\" data-libid=\"32813\" data-lib=\"medialibrary\" width=\"0\" height=\"0\" data-dbsrc=\"Ly90ZXN0LmNoYWxldG1vbnRyaW9uZC5jaC93cC1jb250ZW50L3VwbG9hZHMvcmV2c2xpZGVyL2V0ZS0yNC9CdXZldHRlXzFfMTkyMF82MDAucG5n\"\/>\n\t\t\t\t\t\t<img data-src=\"\/\/test.chaletmontriond.ch\/wp-content\/uploads\/revslider\/ete-24\/Flag_of_Switzerland_Pantone.svg_-300x300.png\" alt=\"cdn_helper\" data-libid=\"32789\" width=\"0\" height=\"0\" data-dbsrc=\"Ly90ZXN0LmNoYWxldG1vbnRyaW9uZC5jaC93cC1jb250ZW50L3VwbG9hZHMvcmV2c2xpZGVyL2V0ZS0yNC9GbGFnX29mX1N3aXR6ZXJsYW5kX1BhbnRvbmUuc3ZnXy0zMDB4MzAwLnBuZw==\"\/>\n\t\t\t\t\t\t<img data-src=\"\/\/test.chaletmontriond.ch\/wp-content\/uploads\/revslider\/ete-24\/Vache_1920_600.jpg\" alt=\"cdn_helper\" data-libid=\"32819\" data-lib=\"medialibrary\" width=\"0\" height=\"0\" data-dbsrc=\"Ly90ZXN0LmNoYWxldG1vbnRyaW9uZC5jaC93cC1jb250ZW50L3VwbG9hZHMvcmV2c2xpZGVyL2V0ZS0yNC9WYWNoZV8xOTIwXzYwMC5qcGc=\"\/>\n\t\t\t\t\t\t<img data-src=\"\/\/test.chaletmontriond.ch\/wp-content\/uploads\/revslider\/ete-24\/Flag_of_Switzerland_Pantone.svg_-300x300.png\" alt=\"cdn_helper\" data-libid=\"32789\" width=\"0\" height=\"0\" data-dbsrc=\"Ly90ZXN0LmNoYWxldG1vbnRyaW9uZC5jaC93cC1jb250ZW50L3VwbG9hZHMvcmV2c2xpZGVyL2V0ZS0yNC9GbGFnX29mX1N3aXR6ZXJsYW5kX1BhbnRvbmUuc3ZnXy0zMDB4MzAwLnBuZw==\"\/>\n\t\t\t\t\t\t<img data-src=\"\/\/test.chaletmontriond.ch\/wp-content\/uploads\/2016\/10\/Derborence_2_1920_600.png\" alt=\"cdn_helper\" data-libid=\"33820\" data-lib=\"medialibrary\" width=\"0\" height=\"0\" data-dbsrc=\"Ly90ZXN0LmNoYWxldG1vbnRyaW9uZC5jaC93cC1jb250ZW50L3VwbG9hZHMvMjAxNi8xMC9EZXJib3JlbmNlXzJfMTkyMF82MDAucG5n\"\/>\n\t\t\t\t\t\t<img data-src=\"\/\/test.chaletmontriond.ch\/wp-content\/uploads\/revslider\/ete-24\/Flag_of_Switzerland_Pantone.svg_-300x300.png\" alt=\"cdn_helper\" data-libid=\"32789\" width=\"0\" height=\"0\" data-dbsrc=\"Ly90ZXN0LmNoYWxldG1vbnRyaW9uZC5jaC93cC1jb250ZW50L3VwbG9hZHMvcmV2c2xpZGVyL2V0ZS0yNC9GbGFnX29mX1N3aXR6ZXJsYW5kX1BhbnRvbmUuc3ZnXy0zMDB4MzAwLnBuZw==\"\/>\n\t\t\t\t\t\t<img data-src=\"\/\/test.chaletmontriond.ch\/wp-content\/uploads\/revslider\/ete-24\/Rando1_1920_600.png\" alt=\"cdn_helper\" data-libid=\"32828\" data-lib=\"medialibrary\" width=\"0\" height=\"0\" data-dbsrc=\"Ly90ZXN0LmNoYWxldG1vbnRyaW9uZC5jaC93cC1jb250ZW50L3VwbG9hZHMvcmV2c2xpZGVyL2V0ZS0yNC9SYW5kbzFfMTkyMF82MDAucG5n\"\/>\n\t\t\t\t\t<\/image_lists>\n\t\t\t\t<\/sr7-module>\n\t\t\t\t<script>\n\t\t\t\t\tSR7.PMH ??={}; SR7.PMH[\"SR7_3_1\"] = {cn:0,state:false,fn: function() { if (_tpt!==undefined && _tpt.prepareModuleHeight !== undefined) {  _tpt.prepareModuleHeight({id:\"SR7_3_1\",el:[600,600,768,960,500],type:'standard',shdw:'0',gh:[600,600,768,960,500],gw:[1920,1920,1024,778,480],vpt:['-200px&#039;,&#039;-200px&#039;,&#039;-200px&#039;,&#039;-200px&#039;,&#039;-200px'],size:{fullWidth:true, fullHeight:false},mh:'0',onh:0,onw:0,bg:{color:'{\"orig\":\"transparent\",\"type\":\"solid\",\"string\":\"transparent\"}'}});   SR7.PMH[\"SR7_3_1\"].state=true;} else if((SR7.PMH[\"SR7_3_1\"].cn++)<100)\tsetTimeout( SR7.PMH[\"SR7_3_1\"].fn,19);}};SR7.PMH[\"SR7_3_1\" ].fn();\n\t\t\t\t<\/script>\n[vc_empty_space]<div class=\"thim-widget-heading template-default\"><div class=\"thim-sc-heading\" >\n\t\t<div class=\"article_heading \">\n\t\t\t\n\t\t\t<p class=\"heading_primary\"  >UN SEJOUR AGREABLE ET VARIE<\/p>\n\t\t\t\n\t\t\t\n\t\t<\/div>\n\t<\/div><\/div>[vc_empty_space][vc_column_text]Entdecken Sie im Sommer wie im Winter eine Vielzahl von Aktivit\u00e4ten, die in der Region dents du midi m\u00f6glich sind. Ob Sie nun eine neue Erfahrung, Adrenalin, sanften Tourismus oder eine Entdeckung der Region suchen, es werden Ihnen zu jeder Jahreszeit verschiedene Aktivit\u00e4ten angeboten!<\/p>\n<p>Entdecken Sie eine riesige und wundersch\u00f6ne Region und teilen Sie magische Momente![\/vc_column_text][\/vc_column][\/vc_row][vc_row][vc_column width=&#8221;1\/2&#8243;]<div class=\"thim-widget-heading template-default\"><div class=\"thim-sc-heading\" >\n\t\t<div class=\"article_heading \">\n\t\t\t\n\t\t\t<p class=\"heading_primary\"  >Activit\u00e9s hivernales<\/p>\n\t\t\t\n\t\t\t\n\t\t<\/div>\n\t<\/div><\/div>[vc_empty_space][vc_raw_html css=&#8221;&#8221;]JTNDc2NyaXB0JTIwdHlwZSUzRCUyMnRleHQlMkZqYXZhc2NyaXB0JTIyJTIwc3JjJTNEJTIyaHR0cHMlM0ElMkYlMkZ3d3cub3V0ZG9vcmFjdGl2ZS5jb20lMkZmciUyRmVtYmVkJTJGMjQ0OTcxMzYlMkZqcyUzRm13JTNEdHJ1ZSUyMiUzRSUzQyUyRnNjcmlwdCUzRQ==[\/vc_raw_html][\/vc_column][vc_column width=&#8221;1\/2&#8243;]<div class=\"thim-widget-heading template-default\"><div class=\"thim-sc-heading\" >\n\t\t<div class=\"article_heading \">\n\t\t\t\n\t\t\t<p class=\"heading_primary\"  >Activit\u00e9s d'\u00e9t\u00e9<\/p>\n\t\t\t\n\t\t\t\n\t\t<\/div>\n\t<\/div><\/div>[vc_empty_space][vc_raw_html css=&#8221;&#8221;]JTNDc2NyaXB0JTIwdHlwZSUzRCUyMnRleHQlMkZqYXZhc2NyaXB0JTIyJTIwc3JjJTNEJTIyaHR0cHMlM0ElMkYlMkZ3d3cub3V0ZG9vcmFjdGl2ZS5jb20lMkZmciUyRmVtYmVkJTJGMjc0NjAzODY1JTJGanMlM0ZtdyUzRGZhbHNlJTIyJTNFJTNDJTJGc2NyaXB0JTNF[\/vc_raw_html][\/vc_column][\/vc_row][vc_row][vc_column width=&#8221;1\/2&#8243;]<div class=\"thim-widget-heading template-default\"><div class=\"thim-sc-heading\" >\n\t\t<div class=\"article_heading \">\n\t\t\t\n\t\t\t<p class=\"heading_primary\"  >Activit\u00e9s hivernales<\/p>\n\t\t\t\n\t\t\t\n\t\t<\/div>\n\t<\/div><\/div>[vc_empty_space][vc_raw_html css=&#8221;&#8221;]JTNDc2NyaXB0JTIwdHlwZSUzRCUyMnRleHQlMkZqYXZhc2NyaXB0JTIyJTIwc3JjJTNEJTIyaHR0cHMlM0ElMkYlMkZ3d3cub3V0ZG9vcmFjdGl2ZS5jb20lMkZmciUyRmVtYmVkJTJGMjAyODA5NDU0JTJGanMlM0ZtdyUzRGZhbHNlJTIyJTNFJTNDJTJGc2NyaXB0JTNF[\/vc_raw_html][\/vc_column][vc_column width=&#8221;1\/2&#8243;]<div class=\"thim-widget-heading template-default\"><div class=\"thim-sc-heading\" >\n\t\t<div class=\"article_heading \">\n\t\t\t\n\t\t\t<p class=\"heading_primary\"  >Activit\u00e9s d'\u00e9t\u00e9<\/p>\n\t\t\t\n\t\t\t\n\t\t<\/div>\n\t<\/div><\/div>[vc_empty_space][vc_raw_html css=&#8221;&#8221;]JTNDc2NyaXB0JTIwdHlwZSUzRCUyMnRleHQlMkZqYXZhc2NyaXB0JTIyJTIwc3JjJTNEJTIyaHR0cHMlM0ElMkYlMkZ3d3cub3V0ZG9vcmFjdGl2ZS5jb20lMkZmciUyRmVtYmVkJTJGMjQ3NzQ4MDY4JTJGanMlM0ZtdyUzRGZhbHNlJTIyJTNFJTNDJTJGc2NyaXB0JTNF[\/vc_raw_html][\/vc_column][\/vc_row][vc_row][vc_column][vc_empty_space][\/vc_column][\/vc_row]<\/p>\n<\/div>","protected":false},"excerpt":{"rendered":"<p>[vc_row][vc_column][vc_empty_space][vc_empty_space][vc_column_text]Entdecken Sie im Sommer wie im Winter eine Vielzahl von Aktivit\u00e4ten, die in der Region dents du midi m\u00f6glich sind. Ob Sie nun eine neue Erfahrung, Adrenalin, sanften Tourismus oder eine Entdeckung der Region suchen, es werden Ihnen zu jeder Jahreszeit verschiedene Aktivit\u00e4ten angeboten! Entdecken Sie eine riesige und wundersch\u00f6ne&#8230;<\/p>\n","protected":false},"author":1,"featured_media":0,"parent":0,"menu_order":0,"comment_status":"closed","ping_status":"closed","template":"templates\/home-page.php","meta":{"footnotes":""},"class_list":["post-33543","page","type-page","status-publish","hentry"],"_links":{"self":[{"href":"https:\/\/test.chaletmontriond.ch\/de\/wp-json\/wp\/v2\/pages\/33543","targetHints":{"allow":["GET"]}}],"collection":[{"href":"https:\/\/test.chaletmontriond.ch\/de\/wp-json\/wp\/v2\/pages"}],"about":[{"href":"https:\/\/test.chaletmontriond.ch\/de\/wp-json\/wp\/v2\/types\/page"}],"author":[{"embeddable":true,"href":"https:\/\/test.chaletmontriond.ch\/de\/wp-json\/wp\/v2\/users\/1"}],"replies":[{"embeddable":true,"href":"https:\/\/test.chaletmontriond.ch\/de\/wp-json\/wp\/v2\/comments?post=33543"}],"version-history":[{"count":2,"href":"https:\/\/test.chaletmontriond.ch\/de\/wp-json\/wp\/v2\/pages\/33543\/revisions"}],"predecessor-version":[{"id":33550,"href":"https:\/\/test.chaletmontriond.ch\/de\/wp-json\/wp\/v2\/pages\/33543\/revisions\/33550"}],"wp:attachment":[{"href":"https:\/\/test.chaletmontriond.ch\/de\/wp-json\/wp\/v2\/media?parent=33543"}],"curies":[{"name":"wp","href":"https:\/\/api.w.org\/{rel}","templated":true}]}}