{"id":33639,"date":"2024-05-16T15:14:27","date_gmt":"2024-05-16T13:14:27","guid":{"rendered":"https:\/\/chaletmontriond.ch\/restaurant-und-bar\/"},"modified":"2024-05-16T15:42:46","modified_gmt":"2024-05-16T13:42:46","slug":"restaurant-und-bar","status":"publish","type":"page","link":"https:\/\/test.chaletmontriond.ch\/de\/restaurant-und-bar\/","title":{"rendered":"Restaurant und Bar"},"content":{"rendered":"<div class=\"wpb-content-wrapper\"><p>[vc_row][vc_column]<div class=\"thim-widget-heading template-default\"><div class=\"thim-sc-heading\" >\n\t\t<div class=\"article_heading \">\n\t\t\t\n\t\t\t<p class=\"heading_primary\"  >Unser Restaurant<\/p>\n\t\t\t\n\t\t\t\n\t\t<\/div>\n\t<\/div><\/div>[\/vc_column][\/vc_row][vc_row][vc_column width=&#8221;1\/2&#8243;][vc_gallery type=&#8221;flexslider_slide&#8221; interval=&#8221;3&#8243; images=&#8221;33558,33561,33564,33567,33570&#8243; img_size=&#8221;full&#8221; css=&#8221;&#8221;][\/vc_column][vc_column width=&#8221;1\/2&#8243;][vc_empty_space][vc_column_text css=&#8221;.vc_custom_1715864072503{margin-top: 32px !important;}&#8221;]Wir bieten frische und abwechslungsreiche Gerichte und Spezialit\u00e4ten aus der Region.<\/p>\n<p>F\u00fcr unsere G\u00e4ste bieten wir ein warmes und kaltes Fr\u00fchst\u00fccksbuffet und am Abend Halbpension.[\/vc_column_text][vc_empty_space][\/vc_column][\/vc_row][vc_row][vc_column]<div class=\"thim-widget-heading template-default\"><div class=\"thim-sc-heading\" >\n\t\t<div class=\"article_heading \">\n\t\t\t\n\t\t\t<p class=\"heading_primary\"  >Unsere Bar<\/p>\n\t\t\t\n\t\t\t\n\t\t<\/div>\n\t<\/div><\/div>[\/vc_column][\/vc_row][vc_row][vc_column width=&#8221;1\/2&#8243;][vc_empty_space][vc_column_text css=&#8221;.vc_custom_1715864272479{margin-top: 32px !important;}&#8221;]Unsere Bar ist t\u00e4glich von 16:00 bis 23:00 Uhr ge\u00f6ffnet. Hier k\u00f6nnen Sie die Weine der Region, lokale Biere und Limonaden sowie die von unserem Barkeeper zusammengestellten Cocktails probieren.[\/vc_column_text][vc_empty_space][\/vc_column][vc_column width=&#8221;1\/2&#8243;][vc_gallery type=&#8221;flexslider_slide&#8221; interval=&#8221;3&#8243; images=&#8221;33574,33577,33580,33583,33586&#8243; img_size=&#8221;full&#8221; css=&#8221;&#8221;][\/vc_column][\/vc_row][vc_row][vc_column]<div class=\"thim-widget-heading template-default\"><div class=\"thim-sc-heading\" >\n\t\t<div class=\"article_heading \">\n\t\t\t\n\t\t\t<p class=\"heading_primary\"  >Schneebar und Jurte<\/p>\n\t\t\t\n\t\t\t\n\t\t<\/div>\n\t<\/div><\/div>[\/vc_column][\/vc_row][vc_row][vc_column width=&#8221;1\/2&#8243;][vc_empty_space][vc_gallery type=&#8221;flexslider_slide&#8221; interval=&#8221;3&#8243; images=&#8221;33589,33592,33270&#8243; img_size=&#8221;Full&#8221; css=&#8221;&#8221;][vc_empty_space][\/vc_column][vc_column width=&#8221;1\/2&#8243;][vc_column_text]<\/p>\n<h4>Schneebar und Au\u00dfenjurte<\/h4>\n<p>Die Atmosph\u00e4re in unserer Schneebar oder in unserer Jurte im Freien ist garantiert! Genie\u00dfen Sie die Landschaft zu 100%, w\u00e4hrend Sie Ihren Aperitif am Fu\u00dfe der Pisten genie\u00dfen!<\/p>\n<p>Erleben Sie den Apr\u00e8s-Ski![\/vc_column_text][\/vc_column][\/vc_row][vc_row][vc_column][vc_empty_space][\/vc_column][\/vc_row]<\/p>\n<\/div>","protected":false},"excerpt":{"rendered":"<p>[vc_row][vc_column][\/vc_column][\/vc_row][vc_row][vc_column width=&#8221;1\/2&#8243;][vc_gallery type=&#8221;flexslider_slide&#8221; interval=&#8221;3&#8243; images=&#8221;33558,33561,33564,33567,33570&#8243; img_size=&#8221;full&#8221; css=&#8221;&#8221;][\/vc_column][vc_column width=&#8221;1\/2&#8243;][vc_empty_space][vc_column_text css=&#8221;.vc_custom_1715864072503{margin-top: 32px !important;}&#8221;]Wir bieten frische und abwechslungsreiche Gerichte und Spezialit\u00e4ten aus der Region. F\u00fcr unsere G\u00e4ste bieten wir ein warmes und kaltes Fr\u00fchst\u00fccksbuffet und am Abend Halbpension.[\/vc_column_text][vc_empty_space][\/vc_column][\/vc_row][vc_row][vc_column][\/vc_column][\/vc_row][vc_row][vc_column width=&#8221;1\/2&#8243;][vc_empty_space][vc_column_text css=&#8221;.vc_custom_1715864272479{margin-top: 32px !important;}&#8221;]Unsere Bar ist t\u00e4glich von 16:00 bis 23:00 Uhr ge\u00f6ffnet. Hier k\u00f6nnen&#8230;<\/p>\n","protected":false},"author":1,"featured_media":0,"parent":0,"menu_order":0,"comment_status":"closed","ping_status":"closed","template":"","meta":{"footnotes":""},"class_list":["post-33639","page","type-page","status-publish","hentry"],"_links":{"self":[{"href":"https:\/\/test.chaletmontriond.ch\/de\/wp-json\/wp\/v2\/pages\/33639","targetHints":{"allow":["GET"]}}],"collection":[{"href":"https:\/\/test.chaletmontriond.ch\/de\/wp-json\/wp\/v2\/pages"}],"about":[{"href":"https:\/\/test.chaletmontriond.ch\/de\/wp-json\/wp\/v2\/types\/page"}],"author":[{"embeddable":true,"href":"https:\/\/test.chaletmontriond.ch\/de\/wp-json\/wp\/v2\/users\/1"}],"replies":[{"embeddable":true,"href":"https:\/\/test.chaletmontriond.ch\/de\/wp-json\/wp\/v2\/comments?post=33639"}],"version-history":[{"count":6,"href":"https:\/\/test.chaletmontriond.ch\/de\/wp-json\/wp\/v2\/pages\/33639\/revisions"}],"predecessor-version":[{"id":33645,"href":"https:\/\/test.chaletmontriond.ch\/de\/wp-json\/wp\/v2\/pages\/33639\/revisions\/33645"}],"wp:attachment":[{"href":"https:\/\/test.chaletmontriond.ch\/de\/wp-json\/wp\/v2\/media?parent=33639"}],"curies":[{"name":"wp","href":"https:\/\/api.w.org\/{rel}","templated":true}]}}